{"id":616,"date":"2019-01-02T14:28:36","date_gmt":"2019-01-02T13:28:36","guid":{"rendered":"http:\/\/www.jaysper.com\/?page_id=616"},"modified":"2019-01-02T14:30:27","modified_gmt":"2019-01-02T13:30:27","slug":"studio","status":"publish","type":"page","link":"http:\/\/www.jaysper.com\/fr\/studio\/","title":{"rendered":"Studio"},"content":{"rendered":"<p><\/p>\n<h1>Le studio<\/h1>\n<h2>Accompagnement de projet<\/h2>\n<ul>\n<li>Aide \u00e0 l&rsquo;enregistrement \/ r\u00e9alisation d&rsquo;album<\/li>\n<li>R\u00e9alisation d&rsquo;instrumentaux, de pistes \u00e9lectroniques pour un album<\/li>\n<li>Assistance technique personnalis\u00e9e (home-studio, configuration live&#8230;)<\/li>\n<li>Aide \u00e0 la r\u00e9p\u00e9tition, cours d&rsquo;instrument<\/li>\n<\/ul>\n<h2>Formations<\/h2>\n<ul>\n<li>Masterclass composition &amp; production musicale<\/li>\n<li>Masterclass prise de son &amp; mixage<\/li>\n<\/ul>\n<h2>Mixage<\/h2>\n<ul>\n<li>Prestation mixage<\/li>\n<\/ul>\n<p>&nbsp;<\/p>\n<h1>Les conf\u00e9rences<\/h1>\n<h2>Voyage au coeur de la nuit \u00e9lectronique<\/h2>\n<p>F\u00eates inoubliables, destins d&rsquo;inventions scientifiques, r\u00e9volutions politiques&#8230; De Kingston \u00e0 Berlin, li\u00e9s ensembles par un fil de son, je vous propose de revivre ces moments intenses qui ont transform\u00e9 \u00e0 jamais le paysage des musiques \u00e9lectroniques. 70 ans d&rsquo;histoire&#8230; ou \u00e9tait-ce une seule nuit ?<\/p>\n<p>En savoir plus<\/p>\n<p>&nbsp;<\/p>\n<h2>Instruments &amp; techniques de la musique \u00e9lectronique<\/h2>\n<p>D\u00e9couvrez l&rsquo;\u00e9volution des instruments et des techniques de la musique \u00e9lectronique des ann\u00e9es 60 \u00e0 nos jours, et apprenez \u00e0 imiter et \u00e0 reproduire une approche \u00ab vintage \u00bb avec les outils d&rsquo;aujourd&rsquo;hui.<\/p>\n<p>En savoir plus<\/p>\n<p>&nbsp;<\/p>\n<h1>Les ateliers fun &amp; p\u00e9dagogiques<\/h1>\n<h2>Pour les jeunes, de 7 \u00e0 77 ans&#8230; pour en savoir plus, cliquez sur l&rsquo;atelier qui vous int\u00e9resse.<\/h2>\n<ul>\n<li>Apprendre \u00e0 faire un remix<\/li>\n<li>Match sonore contre mamie<\/li>\n<li>Sonoriser un court m\u00e9trage<\/li>\n<li>Composer son premier morceau de A \u00e0 Z<\/li>\n<li>Chasse aux sons<\/li>\n<li>Le catalogue<\/li>\n<\/ul>\n<h1>Les banques de son<\/h1>\n<ul>\n<li>Roland SH-09 x Roland Space Echo RE-150<\/li>\n<li>Casio PT-20<\/li>\n<\/ul>\n<p><\/p>","protected":false},"excerpt":{"rendered":"<p>Le studio Accompagnement de projet Aide \u00e0 l&rsquo;enregistrement \/ r\u00e9alisation d&rsquo;album R\u00e9alisation d&rsquo;instrumentaux, de pistes \u00e9lectroniques pour un album Assistance technique personnalis\u00e9e (home-studio, configuration live&#8230;) Aide \u00e0 la r\u00e9p\u00e9tition, cours d&rsquo;instrument Formations Masterclass composition &amp; production musicale Masterclass prise de son &amp; mixage Mixage Prestation mixage &nbsp; Les conf\u00e9rences Voyage au coeur de la nuit \u00e9lectronique F\u00eates inoubliables, destins d&rsquo;inventions scientifiques, r\u00e9volutions politiques&#8230; De Kingston \u00e0 Berlin, li\u00e9s ensembles par un fil de son, je vous propose de revivre ces [&hellip;]<\/p>\n","protected":false},"author":4,"featured_media":0,"parent":0,"menu_order":0,"comment_status":"closed","ping_status":"closed","template":"","meta":[],"_links":{"self":[{"href":"http:\/\/www.jaysper.com\/fr\/wp-json\/wp\/v2\/pages\/616"}],"collection":[{"href":"http:\/\/www.jaysper.com\/fr\/wp-json\/wp\/v2\/pages"}],"about":[{"href":"http:\/\/www.jaysper.com\/fr\/wp-json\/wp\/v2\/types\/page"}],"author":[{"embeddable":true,"href":"http:\/\/www.jaysper.com\/fr\/wp-json\/wp\/v2\/users\/4"}],"replies":[{"embeddable":true,"href":"http:\/\/www.jaysper.com\/fr\/wp-json\/wp\/v2\/comments?post=616"}],"version-history":[{"count":2,"href":"http:\/\/www.jaysper.com\/fr\/wp-json\/wp\/v2\/pages\/616\/revisions"}],"predecessor-version":[{"id":619,"href":"http:\/\/www.jaysper.com\/fr\/wp-json\/wp\/v2\/pages\/616\/revisions\/619"}],"wp:attachment":[{"href":"http:\/\/www.jaysper.com\/fr\/wp-json\/wp\/v2\/media?parent=616"}],"curies":[{"name":"wp","href":"https:\/\/api.w.org\/{rel}","templated":true}]}}